{"id":1071,"date":"2015-12-14T07:14:55","date_gmt":"2015-12-14T07:14:55","guid":{"rendered":"http:\/\/consulting.stylemixthemes.com\/?page_id=2"},"modified":"2021-03-20T21:07:21","modified_gmt":"2021-03-21T02:07:21","slug":"sample-page-2","status":"publish","type":"page","link":"https:\/\/cstec.com.pa\/wp\/","title":{"rendered":"home"},"content":{"rendered":"<p>[vc_row css=&#8221;.vc_custom_1461323979118{margin-bottom: 61px !important;}&#8221;][vc_column offset=&#8221;vc_hidden-xs&#8221;][stm_spacing lg_spacing=&#8221;250px&#8221; md_spacing=&#8221;250px&#8221; sm_spacing=&#8221;250px&#8221;][rev_slider_vc alias=&#8221;service_slider&#8221;][\/vc_column][\/vc_row][vc_row css=&#8221;.vc_custom_1461327535242{margin-bottom: 69px !important;}&#8221;][vc_column][vc_custom_heading text=&#8221;\u00c1reas de Servicios&#8221; font_container=&#8221;tag:h2|text_align:center&#8221; use_theme_fonts=&#8221;yes&#8221; css=&#8221;.vc_custom_1613495547826{margin-bottom: 68px !important;}&#8221;][vc_row_inner css=&#8221;.vc_custom_1461325858760{margin-bottom: 48px !important;}&#8221;][vc_column_inner width=&#8221;1\/3&#8243;][stm_icon_box hide_title_line=&#8221;hide_title_line&#8221; add_link=&#8221;enable&#8221; icon=&#8221;stm-ankara-puzzle&#8221; style=&#8221;icon_left&#8221; icon_size=&#8221;22&#8243; icon_color=&#8221;custom&#8221; icon_width=&#8221;68&#8243; title=&#8221;Integraci\u00f3n de Sistemas&#8221; link=&#8221;url:https%3A%2F%2Fcstec.com.pa%2Fwp%2Fservices-grid%2F|title:Servicios&#8221; icon_color_custom=&#8221;#ffa500&#8243;]En CSTEC contamos con el \u00e1rea de Integraci\u00f3n de Sistemas. Se ofrece servicios que permiten a nuestros clientes un valor agregado en la toma de desiciones. Para conocer sobre los mismos haga click en este link[\/stm_icon_box][\/vc_column_inner][vc_column_inner width=&#8221;1\/3&#8243;][stm_icon_box hide_title_line=&#8221;hide_title_line&#8221; add_link=&#8221;enable&#8221; icon=&#8221;stm-nokia_outline&#8221; style=&#8221;icon_left&#8221; icon_size=&#8221;22&#8243; icon_color=&#8221;custom&#8221; icon_width=&#8221;68&#8243; title=&#8221;Servicios Administrados&#8221; link=&#8221;url:https%3A%2F%2Fcstec.com.pa%2Fwp%2F%3Fpage_id%3D558|title:Servicios|target:_blank&#8221; icon_color_custom=&#8221;#ffa500&#8243;]<strong>CSTEC<\/strong> cuenta con el \u00e1rea de <strong>Servicios Administrados<\/strong>, brindando apoyo a nuestros clientes, para m\u00e1s detalles pueden acceder dando click en este enlace[\/stm_icon_box][\/vc_column_inner][vc_column_inner width=&#8221;1\/3&#8243;][stm_icon_box hide_title_line=&#8221;hide_title_line&#8221; add_link=&#8221;enable&#8221; icon=&#8221;fas fa-laptop&#8221; style=&#8221;icon_left&#8221; icon_size=&#8221;22&#8243; icon_color=&#8221;custom&#8221; icon_width=&#8221;68&#8243; title=&#8221;\u00c1rea de Desarrollo de Aplicaciones&#8221; link=&#8221;url:https%3A%2F%2Fcstec.com.pa%2Fwp%2Fservices-grid%2F|title:Servicios&#8221; icon_color_custom=&#8221;#ffa500&#8243;]En CSTEC ofrecemos servicios de Desarrollo de Aplicaciones a la medida y necesidades de nuestros clientes, para conocer m\u00e1s de esta \u00e1rea de servicios haga click en este enlace[\/stm_icon_box][\/vc_column_inner][\/vc_row_inner][vc_row_inner css=&#8221;.vc_custom_1461325858760{margin-bottom: 48px !important;}&#8221;][vc_column_inner width=&#8221;1\/3&#8243;][stm_icon_box hide_title_line=&#8221;hide_title_line&#8221; add_link=&#8221;enable&#8221; icon=&#8221;fas fa-wifi&#8221; style=&#8221;icon_left&#8221; icon_size=&#8221;22&#8243; icon_color=&#8221;custom&#8221; icon_width=&#8221;68&#8243; title=&#8221;\u00c1rea de Redes&#8221; link=&#8221;url:https%3A%2F%2Fcstec.com.pa%2Fwp%2F%3Fpage_id%3D7578|title:Servicios&#8221; icon_color_custom=&#8221;#ffa500&#8243;]El \u00e1rea de Redes (Cableado Entructurado, Fibra \u00d3ptica y Conexiones Inal\u00e1nbricas) de CSTEC, ofrece sus servicios de diagn\u00f3stico, reparaci\u00f3n e intalaci\u00f3n, para conocer m\u00e1s de los mismos, haga click en este enlace&#8230;[\/stm_icon_box][\/vc_column_inner][vc_column_inner width=&#8221;1\/3&#8243;][stm_icon_box hide_title_line=&#8221;hide_title_line&#8221; add_link=&#8221;enable&#8221; icon=&#8221;fas fa-chart-pie&#8221; style=&#8221;icon_left&#8221; icon_size=&#8221;22&#8243; icon_color=&#8221;custom&#8221; icon_width=&#8221;68&#8243; title=&#8221;\u00c1rea de Inteligencia<br \/>\nde Negocios (BI)&#8221; link=&#8221;url:http%3A%2F%2Fcstec.com.pa%2Fwp%2Fservices-grid%2F|title:Servicios|target:_blank&#8221; icon_color_custom=&#8221;#ffa500&#8243;]CSTEC cuenta con el \u00e1rea de servicios Inteligencia de Negocios, para conocer m\u00e1s sobre este servicio acceda dando click en este enlace[\/stm_icon_box][\/vc_column_inner][vc_column_inner width=&#8221;1\/3&#8243;][\/vc_column_inner][\/vc_row_inner][vc_row_inner][vc_column_inner width=&#8221;1\/3&#8243;][\/vc_column_inner][vc_column_inner width=&#8221;1\/3&#8243;][\/vc_column_inner][vc_column_inner width=&#8221;1\/3&#8243;][\/vc_column_inner][\/vc_row_inner][\/vc_column][\/vc_row][vc_row full_width=&#8221;stretch_row&#8221; css=&#8221;.vc_custom_1616289009610{margin-bottom: 0px !important;padding-top: 97px !important;padding-bottom: 74px !important;background-image: url(https:\/\/cstec.com.pa\/wp\/wp-content\/uploads\/2021\/03\/Copia-de-ServicioMedida02-1.png?id=7610) !important;background-position: center !important;background-repeat: no-repeat !important;background-size: cover !important;}&#8221; el_class=&#8221;overlay_4 fixed_bg&#8221;][vc_column][vc_custom_heading stripe_pos=&#8221;hide&#8221; text=&#8221;<mark>CSTEC Soluciones<\/mark> Integrales.&#8221; font_container=&#8221;tag:h2|font_size:40px|text_align:center|color:%23ffffff|line_height:34px&#8221; use_theme_fonts=&#8221;yes&#8221; subtitle=&#8221;Contamos con la experiencia y los profesionales para ayudarle&#8221; stripe_hide=&#8221;yes&#8221; subtitle_color=&#8221;#ffffff&#8221;][\/vc_column][\/vc_row][vc_row css=&#8221;.vc_custom_1461393294498{padding-top: 66px !important;padding-bottom: 60px !important;}&#8221;][vc_column width=&#8221;1\/2&#8243;][vc_custom_heading stripe_pos=&#8221;hide&#8221; text=&#8221;Quienes Somos&#8221; font_container=&#8221;tag:h4|text_align:left&#8221; use_theme_fonts=&#8221;yes&#8221; el_class=&#8221;third_font_color&#8221; css=&#8221;.vc_custom_1616290087990{margin-bottom: 35px !important;}&#8221;][vc_column_text]Consultores y Soluciones Tecnol\u00f3gicas, S.A. (CSTEC), es una empresa que su nacimiento fue planificado a finales del a\u00f1o 2020 y su legalizaci\u00f3n se origina en enero del 2021.<\/p>\n<p>Su creaci\u00f3n y operaci\u00f3n como empresa es muy reciente, sin embargo, su equipo de trabajo y fundadores gozan de una trayectoria, experiencia y conocimientos\u00a0 de m\u00e1s de 25 a\u00f1os de ofrecer servicios y soluciones tecnol\u00f3gicas a nivel nacional e internacional en diversas \u00e1reas comerciales e industriales (Banca, Industrias de Retail, Ventas, Comercios al por menor y mayor, Log\u00edstica, Gubernamentales, Comunicaciones, etc)<\/p>\n<p>Enfocada en la expertiz y conocimientos estamos ofreciendo integraciones de sistemas, servicios administrados, productos de tecnolog\u00eda, desarrollo de aplicaciones seg\u00fan las necesidades de los clientes, Redes y Cableados estructurados, respaldados por nuestros socios estrat\u00e9gicos (partners) que gozan de una gran prestigio, solidez en el mercado y sobre todo experiencia.<\/p>\n<p>[\/vc_column_text][\/vc_column][vc_column width=&#8221;1\/2&#8243;][vc_custom_heading stripe_pos=&#8221;hide&#8221; text=&#8221;PREGUNTAS FRECUENTES&#8221; font_container=&#8221;tag:h4|text_align:left&#8221; use_theme_fonts=&#8221;yes&#8221; el_class=&#8221;third_font_color&#8221; css=&#8221;.vc_custom_1616290126372{margin-bottom: 35px !important;}&#8221;][vc_tta_accordion style=&#8221;modern&#8221; shape=&#8221;square&#8221; color=&#8221;orange&#8221; active_section=&#8221;1&#8243; no_fill=&#8221;true&#8221;][vc_tta_section title=&#8221;Que tipo de consultor\u00eda realizan ?&#8221; tab_id=&#8221;1461328856794-2dee9bba-e774&#8243;][vc_column_text]We help entrepreneurs get ready to raise capital. Please note that we cannot help our clients raise capital. This usually consists of some or all of our services. This is a service that is heavily regulated.[\/vc_column_text][\/vc_tta_section][vc_tta_section title=&#8221;Me pueden evaluar la situaci\u00f3n tecnolog\u00eda de mi empresa?&#8221; tab_id=&#8221;1461328897545-6227748f-d226&#8243;][vc_column_text]We help entrepreneurs get ready to raise capital. Please note that we cannot help our clients raise capital. This usually consists of some or all of our services. This is a service that is heavily regulated.[\/vc_column_text][\/vc_tta_section][vc_tta_section title=&#8221;Me pueden ayudar a bajar mis gastos operacionales ?&#8221; tab_id=&#8221;1461328919259-f69cd27c-5029&#8243;][vc_column_text]We help entrepreneurs get ready to raise capital. Please note that we cannot help our clients raise capital. This usually consists of some or all of our services. This is a service that is heavily regulated.[\/vc_column_text][\/vc_tta_section][\/vc_tta_accordion][\/vc_column][\/vc_row][vc_row full_width=&#8221;stretch_row_content_no_spaces&#8221;][vc_column][stm_testimonials count=&#8221;3&#8243; style=&#8221;style_3&#8243; category=&#8221;background&#8221;][\/vc_column][\/vc_row][vc_row full_width=&#8221;stretch_row&#8221; css=&#8221;.vc_custom_1616289037160{margin-bottom: -60px !important;padding-top: 79px !important;padding-bottom: 87px !important;background-image: url(https:\/\/cstec.com.pa\/wp\/wp-content\/uploads\/2021\/03\/TemaGlobal.png?id=7611) !important;background-position: center !important;background-repeat: no-repeat !important;background-size: cover !important;}&#8221; el_class=&#8221;overlay_2&#8243;][vc_column width=&#8221;1\/3&#8243;][vc_custom_heading stripe_pos=&#8221;hide&#8221; text=&#8221;<mark>PODEMOS<\/mark> CONTACTARLES&#8221; font_container=&#8221;tag:h3|font_size:30px|text_align:left|color:%23ffffff&#8221; use_theme_fonts=&#8221;yes&#8221; css=&#8221;.vc_custom_1613775161815{margin-bottom: -6px !important;}&#8221;][vc_column_text]<span style=\"color: #ffffff;\">\u00bfLe gustar\u00eda hablar con uno de nuestros ingenieros? Env\u00ede sus datos y nos pondremos en contacto con usted. Lo podemos hacer por tel\u00e9fono o correo electr\u00f3nico. En CSTEC estamos para apoyarles<\/span>[\/vc_column_text][\/vc_column][vc_column width=&#8221;2\/3&#8243;][stm_spacing lg_spacing=&#8221;7px&#8221; md_spacing=&#8221;7px&#8221; sm_spacing=&#8221;7px&#8221; xs_spacing=&#8221;30px&#8221;]<div role=\"form\" class=\"wpcf7\" id=\"wpcf7-f7259-o1\" lang=\"es-ES\" dir=\"ltr\">\n<div class=\"screen-reader-response\"><p role=\"status\" aria-live=\"polite\" aria-atomic=\"true\"><\/p> <ul><\/ul><\/div>\n<form action=\"\/wp\/index.php?rest_route=%2Fwp%2Fv2%2Fpages%2F1071#wpcf7-f7259-o1\" method=\"post\" class=\"wpcf7-form init\" novalidate=\"novalidate\" data-status=\"init\">\n<div style=\"display: none;\">\n<input type=\"hidden\" name=\"_wpcf7\" value=\"7259\" \/>\n<input type=\"hidden\" name=\"_wpcf7_version\" value=\"5.4\" \/>\n<input type=\"hidden\" name=\"_wpcf7_locale\" value=\"es_ES\" \/>\n<input type=\"hidden\" name=\"_wpcf7_unit_tag\" value=\"wpcf7-f7259-o1\" \/>\n<input type=\"hidden\" name=\"_wpcf7_container_post\" value=\"0\" \/>\n<input type=\"hidden\" name=\"_wpcf7_posted_data_hash\" value=\"\" \/>\n<\/div>\n<div id=\"responsive-form\" class=\"clearfix\">\n<div class=\"form-row\">\n<div class=\"column-half\">\n<p style=\"color: orange;\">Nombre <span class=\"wpcf7-form-control-wrap text-393\"><input type=\"text\" name=\"text-393\" value=\"\" size=\"40\" class=\"wpcf7-form-control wpcf7-text wpcf7-validates-as-required\" aria-required=\"true\" aria-invalid=\"false\" \/><\/span><\/div>\n<div class=\"column-half\">\n<p style=\"color: orange;\">Apellido <span class=\"wpcf7-form-control-wrap last-name\"><input type=\"text\" name=\"last-name\" value=\"\" size=\"40\" class=\"wpcf7-form-control wpcf7-text wpcf7-validates-as-required\" aria-required=\"true\" aria-invalid=\"false\" \/><\/span><\/div>\n<\/div>\n<div class=\"form-row\">\n<div class=\"column-half\">\n<p style=\"color: orange;\">Correo electr\u00f3nico <span class=\"wpcf7-form-control-wrap your-email\"><input type=\"email\" name=\"your-email\" value=\"\" size=\"40\" class=\"wpcf7-form-control wpcf7-text wpcf7-email wpcf7-validates-as-required wpcf7-validates-as-email\" aria-required=\"true\" aria-invalid=\"false\" \/><\/span><\/div>\n<div class=\"column-half\">\n<p style=\"color: orange;\">Tel\u00e9fono <span class=\"wpcf7-form-control-wrap tel-78\"><input type=\"tel\" name=\"tel-78\" value=\"\" size=\"40\" class=\"wpcf7-form-control wpcf7-text wpcf7-tel wpcf7-validates-as-required wpcf7-validates-as-tel\" aria-required=\"true\" aria-invalid=\"false\" \/><\/span><\/div>\n<\/div>\n<div class=\"form-row\">\n<div class=\"column-full\">\n<p style=\"color: orange;\">Asunto <span class=\"wpcf7-form-control-wrap your-subject\"><input type=\"text\" name=\"your-subject\" value=\"\" size=\"40\" class=\"wpcf7-form-control wpcf7-text wpcf7-validates-as-required\" aria-required=\"true\" aria-invalid=\"false\" \/><\/span> <\/label><\/div>\n<\/div>\n<div class=\"form-row\">\n<div class=\"column-full\">\n<p style=\"color: orange;\">Su mensaje  <span class=\"wpcf7-form-control-wrap your-message\"><textarea name=\"your-message\" cols=\"40\" rows=\"10\" class=\"wpcf7-form-control wpcf7-textarea\" aria-invalid=\"false\"><\/textarea><\/span><\/div>\n<\/div>\n<div class=\"input-group\">\n<div align=\"center\">\n                <button type=\"submit\" class=\"button size-lg icon_right\">Enviar <i class=\"fa fa-chevron-right\"><\/i><\/button>\n            <\/div>\n<\/div>\n<\/div>\n<p><!--end responsive-form--><\/p>\n<div class=\"wpcf7-response-output\" aria-hidden=\"true\"><\/div><\/form><\/div>[\/vc_column][\/vc_row]<\/p>\n","protected":false},"excerpt":{"rendered":"<p>[vc_row css=&#8221;.vc_custom_1461323979118{margin-bottom: 61px !important;}&#8221;][vc_column offset=&#8221;vc_hidden-xs&#8221;][stm_spacing lg_spacing=&#8221;250px&#8221; md_spacing=&#8221;250px&#8221; sm_spacing=&#8221;250px&#8221;][rev_slider_vc alias=&#8221;service_slider&#8221;][\/vc_column][\/vc_row][vc_row css=&#8221;.vc_custom_1461327535242{margin-bottom: 69px !important;}&#8221;][vc_column][vc_custom_heading text=&#8221;\u00c1reas de Servicios&#8221; font_container=&#8221;tag:h2|text_align:center&#8221; use_theme_fonts=&#8221;yes&#8221; css=&#8221;.vc_custom_1613495547826{margin-bottom: 68px !important;}&#8221;][vc_row_inner css=&#8221;.vc_custom_1461325858760{margin-bottom: 48px !important;}&#8221;][vc_column_inner width=&#8221;1\/3&#8243;][stm_icon_box hide_title_line=&#8221;hide_title_line&#8221; add_link=&#8221;enable&#8221; icon=&#8221;stm-ankara-puzzle&#8221; style=&#8221;icon_left&#8221; icon_size=&#8221;22&#8243; icon_color=&#8221;custom&#8221; icon_width=&#8221;68&#8243; title=&#8221;Integraci\u00f3n de Sistemas&#8221; link=&#8221;url:https%3A%2F%2Fcstec.com.pa%2Fwp%2Fservices-grid%2F|title:Servicios&#8221; icon_color_custom=&#8221;#ffa500&#8243;]En CSTEC contamos con el \u00e1rea de Integraci\u00f3n de Sistemas. Se ofrece servicios que permiten a nuestros clientes un valor<\/p>\n","protected":false},"author":1,"featured_media":0,"parent":0,"menu_order":0,"comment_status":"closed","ping_status":"closed","template":"","meta":{"footnotes":""},"class_list":["post-1071","page","type-page","status-publish","hentry"],"_links":{"self":[{"href":"https:\/\/cstec.com.pa\/wp\/index.php?rest_route=\/wp\/v2\/pages\/1071","targetHints":{"allow":["GET"]}}],"collection":[{"href":"https:\/\/cstec.com.pa\/wp\/index.php?rest_route=\/wp\/v2\/pages"}],"about":[{"href":"https:\/\/cstec.com.pa\/wp\/index.php?rest_route=\/wp\/v2\/types\/page"}],"author":[{"embeddable":true,"href":"https:\/\/cstec.com.pa\/wp\/index.php?rest_route=\/wp\/v2\/users\/1"}],"replies":[{"embeddable":true,"href":"https:\/\/cstec.com.pa\/wp\/index.php?rest_route=%2Fwp%2Fv2%2Fcomments&post=1071"}],"version-history":[{"count":48,"href":"https:\/\/cstec.com.pa\/wp\/index.php?rest_route=\/wp\/v2\/pages\/1071\/revisions"}],"predecessor-version":[{"id":7343,"href":"https:\/\/cstec.com.pa\/wp\/index.php?rest_route=\/wp\/v2\/pages\/1071\/revisions\/7343"}],"wp:attachment":[{"href":"https:\/\/cstec.com.pa\/wp\/index.php?rest_route=%2Fwp%2Fv2%2Fmedia&parent=1071"}],"curies":[{"name":"wp","href":"https:\/\/api.w.org\/{rel}","templated":true}]}}