{"id":9,"date":"2015-12-15T07:37:33","date_gmt":"2015-12-15T07:37:33","guid":{"rendered":"http:\/\/consulting.stylemixthemes.com\/?page_id=9"},"modified":"2021-03-14T21:19:13","modified_gmt":"2021-03-15T02:19:13","slug":"company-overview","status":"publish","type":"page","link":"https:\/\/cstec.com.pa\/wp\/?page_id=9","title":{"rendered":"Company overview"},"content":{"rendered":"<p>[vc_row css=&#8221;.vc_custom_1451991003825{margin-bottom: 100px !important;}&#8221;][vc_column offset=&#8221;vc_col-lg-9 vc_col-md-9&#8243;]\n\t\t\t<!-- START About Us Slider REVOLUTION SLIDER 6.3.9 --><p class=\"rs-p-wp-fix\"><\/p>\n\t\t\t<rs-module-wrap id=\"rev_slider_20_1_wrapper\" data-source=\"gallery\" style=\"background:transparent;padding:0;margin:0px auto;margin-top:0;margin-bottom:0;max-width:;\">\n\t\t\t\t<rs-module id=\"rev_slider_20_1\" style=\"\" data-version=\"6.3.9\">\n\t\t\t\t\t<rs-slides>\n\t\t\t\t\t\t<rs-slide data-key=\"rs-39\" data-title=\"Slide\" data-anim=\"ei:d;eo:d;s:d;r:0;t:slidehorizontal;sl:d;\" class=\"third_bg_color\">\n\t\t\t\t\t\t\t<img decoding=\"async\" src=\"\/\/cstec.com.pa\/wp\/wp-content\/plugins\/revslider\/public\/assets\/assets\/transparent.png\" alt=\"Slide\" title=\"Company overview\" class=\"rev-slidebg\" data-no-retina>\n<!--\n\t\t\t\t\t\t\t--><rs-layer\n\t\t\t\t\t\t\t\tid=\"slider-20-slide-39-layer-2\" \n\t\t\t\t\t\t\t\tdata-type=\"text\"\n\t\t\t\t\t\t\t\tdata-color=\"rgba(255,255,255,1)\"\n\t\t\t\t\t\t\t\tdata-rsp_ch=\"on\"\n\t\t\t\t\t\t\t\tdata-xy=\"x:67px;y:80px;\"\n\t\t\t\t\t\t\t\tdata-text=\"l:22;\"\n\t\t\t\t\t\t\t\tdata-frame_0=\"tp:600;\"\n\t\t\t\t\t\t\t\tdata-frame_1=\"tp:600;e:power2.inOut;st:500;sR:500;\"\n\t\t\t\t\t\t\t\tdata-frame_999=\"o:0;tp:600;e:nothing;st:w;sR:8200;\"\n\t\t\t\t\t\t\t\tstyle=\"z-index:5;font-family:Roboto;\"\n\t\t\t\t\t\t\t><div class=\"consulting-rev-title-3\">\nWorkshops<br\/>\nthat awesome!\n<\/div> \n\t\t\t\t\t\t\t<\/rs-layer><!--\n\n\t\t\t\t\t\t\t--><rs-layer\n\t\t\t\t\t\t\t\tid=\"slider-20-slide-39-layer-3\" \n\t\t\t\t\t\t\t\tdata-type=\"text\"\n\t\t\t\t\t\t\t\tdata-color=\"rgba(255,255,255,1)\"\n\t\t\t\t\t\t\t\tdata-rsp_ch=\"on\"\n\t\t\t\t\t\t\t\tdata-xy=\"x:67px;y:194px;\"\n\t\t\t\t\t\t\t\tdata-text=\"l:22;\"\n\t\t\t\t\t\t\t\tdata-frame_0=\"tp:600;\"\n\t\t\t\t\t\t\t\tdata-frame_1=\"tp:600;e:power2.inOut;st:500;sR:500;\"\n\t\t\t\t\t\t\t\tdata-frame_999=\"o:0;tp:600;e:nothing;st:w;sR:8200;\"\n\t\t\t\t\t\t\t\tstyle=\"z-index:6;font-family:Roboto;\"\n\t\t\t\t\t\t\t><div class=\"consulting-rev-text-2\">\nWe are a company that offers design and build services for<br\/> you from initial sketches to the final construction.\n<\/div> \n\t\t\t\t\t\t\t<\/rs-layer><!--\n\n\t\t\t\t\t\t\t--><rs-layer\n\t\t\t\t\t\t\t\tid=\"slider-20-slide-39-layer-4\" \n\t\t\t\t\t\t\t\tdata-type=\"text\"\n\t\t\t\t\t\t\t\tdata-color=\"rgba(255,255,255,1)\"\n\t\t\t\t\t\t\t\tdata-rsp_ch=\"on\"\n\t\t\t\t\t\t\t\tdata-xy=\"x:67px;y:272px;\"\n\t\t\t\t\t\t\t\tdata-text=\"l:22;\"\n\t\t\t\t\t\t\t\tdata-frame_0=\"tp:600;\"\n\t\t\t\t\t\t\t\tdata-frame_1=\"tp:600;e:power2.inOut;st:500;sR:500;\"\n\t\t\t\t\t\t\t\tdata-frame_999=\"o:0;tp:600;e:nothing;st:w;sR:8200;\"\n\t\t\t\t\t\t\t\tstyle=\"z-index:7;font-family:Roboto;\"\n\t\t\t\t\t\t\t><a href=\"#\" class=\"button icon_right bordered theme_style_2\">get a quote <i class=\"fa fa-chevron-right\"><\/i><\/a> \n\t\t\t\t\t\t\t<\/rs-layer><!--\n\n\t\t\t\t\t\t\t--><rs-layer\n\t\t\t\t\t\t\t\tid=\"slider-20-slide-39-layer-5\" \n\t\t\t\t\t\t\t\tdata-type=\"image\"\n\t\t\t\t\t\t\t\tdata-rsp_ch=\"on\"\n\t\t\t\t\t\t\t\tdata-xy=\"x:r;y:74px;\"\n\t\t\t\t\t\t\t\tdata-text=\"l:22;\"\n\t\t\t\t\t\t\t\tdata-dim=\"w:383px;h:303px;\"\n\t\t\t\t\t\t\t\tdata-frame_0=\"tp:600;\"\n\t\t\t\t\t\t\t\tdata-frame_1=\"tp:600;e:power2.inOut;st:500;sR:500;\"\n\t\t\t\t\t\t\t\tdata-frame_999=\"o:0;tp:600;e:nothing;st:w;sR:8200;\"\n\t\t\t\t\t\t\t\tstyle=\"z-index:8;\"\n\t\t\t\t\t\t\t><img loading=\"lazy\" decoding=\"async\" src=\"\/\/cstec.com.pa\/wp\/wp-content\/uploads\/revslider\/about_us_slider\/macbook.png\" width=\"383\" height=\"303\" data-no-retina> \n\t\t\t\t\t\t\t<\/rs-layer><!--\n-->\t\t\t\t\t\t<\/rs-slide>\n\t\t\t\t\t\t<rs-slide data-key=\"rs-40\" data-title=\"Slide\" data-anim=\"ei:d;eo:d;s:d;t:slidehorizontal;sl:d;\">\n\t\t\t\t\t\t\t<img decoding=\"async\" src=\"\/\/cstec.com.pa\/wp\/wp-content\/plugins\/revslider\/public\/assets\/assets\/transparent.png\" alt=\"Slide\" title=\"Company overview\" data-bg=\"c:#fde428;\" class=\"rev-slidebg\" data-no-retina>\n<!--\n\t\t\t\t\t\t\t--><rs-layer\n\t\t\t\t\t\t\t\tid=\"slider-20-slide-40-layer-6\" \n\t\t\t\t\t\t\t\tdata-type=\"image\"\n\t\t\t\t\t\t\t\tdata-rsp_ch=\"on\"\n\t\t\t\t\t\t\t\tdata-xy=\"x:r;\"\n\t\t\t\t\t\t\t\tdata-text=\"l:22;\"\n\t\t\t\t\t\t\t\tdata-dim=\"w:834px;h:421px;\"\n\t\t\t\t\t\t\t\tdata-frame_0=\"tp:600;\"\n\t\t\t\t\t\t\t\tdata-frame_1=\"tp:600;e:power2.inOut;st:500;sR:500;\"\n\t\t\t\t\t\t\t\tdata-frame_999=\"o:0;tp:600;e:nothing;st:w;sR:8200;\"\n\t\t\t\t\t\t\t\tstyle=\"z-index:5;\"\n\t\t\t\t\t\t\t><img loading=\"lazy\" decoding=\"async\" src=\"\/\/cstec.com.pa\/wp\/wp-content\/uploads\/revslider\/about_us_slider\/about.jpg\" width=\"834\" height=\"421\" data-no-retina> \n\t\t\t\t\t\t\t<\/rs-layer><!--\n\n\t\t\t\t\t\t\t--><rs-layer\n\t\t\t\t\t\t\t\tid=\"slider-20-slide-40-layer-2\" \n\t\t\t\t\t\t\t\tdata-type=\"text\"\n\t\t\t\t\t\t\t\tdata-color=\"rgba(34, 34, 34, 1)\"\n\t\t\t\t\t\t\t\tdata-rsp_ch=\"on\"\n\t\t\t\t\t\t\t\tdata-xy=\"x:67px;y:80px;\"\n\t\t\t\t\t\t\t\tdata-text=\"l:22;\"\n\t\t\t\t\t\t\t\tdata-frame_0=\"tp:600;\"\n\t\t\t\t\t\t\t\tdata-frame_1=\"tp:600;e:power2.inOut;st:500;sR:500;\"\n\t\t\t\t\t\t\t\tdata-frame_999=\"o:0;tp:600;e:nothing;st:w;sR:8200;\"\n\t\t\t\t\t\t\t\tstyle=\"z-index:6;\"\n\t\t\t\t\t\t\t><div class=\"consulting-rev-title-3\">\nMeet our<br\/>\nbrilliant minds!\n<\/div> \n\t\t\t\t\t\t\t<\/rs-layer><!--\n\n\t\t\t\t\t\t\t--><rs-layer\n\t\t\t\t\t\t\t\tid=\"slider-20-slide-40-layer-3\" \n\t\t\t\t\t\t\t\tdata-type=\"text\"\n\t\t\t\t\t\t\t\tdata-color=\"rgba(34, 34, 34, 1)\"\n\t\t\t\t\t\t\t\tdata-rsp_ch=\"on\"\n\t\t\t\t\t\t\t\tdata-xy=\"x:67px;y:194px;\"\n\t\t\t\t\t\t\t\tdata-text=\"l:22;\"\n\t\t\t\t\t\t\t\tdata-frame_0=\"tp:600;\"\n\t\t\t\t\t\t\t\tdata-frame_1=\"tp:600;e:power2.inOut;st:500;sR:500;\"\n\t\t\t\t\t\t\t\tdata-frame_999=\"o:0;tp:600;e:nothing;st:w;sR:8200;\"\n\t\t\t\t\t\t\t\tstyle=\"z-index:7;\"\n\t\t\t\t\t\t\t><div class=\"consulting-rev-text-2\">\nOur personnel have evaluated liability, causation and\/or<br\/> damages issues in hundreds of litigation and dispute matters.\n<\/div> \n\t\t\t\t\t\t\t<\/rs-layer><!--\n\n\t\t\t\t\t\t\t--><rs-layer\n\t\t\t\t\t\t\t\tid=\"slider-20-slide-40-layer-4\" \n\t\t\t\t\t\t\t\tdata-type=\"text\"\n\t\t\t\t\t\t\t\tdata-color=\"rgba(255, 255, 255, 1)\"\n\t\t\t\t\t\t\t\tdata-rsp_ch=\"on\"\n\t\t\t\t\t\t\t\tdata-xy=\"x:67px;y:272px;\"\n\t\t\t\t\t\t\t\tdata-text=\"l:22;\"\n\t\t\t\t\t\t\t\tdata-frame_0=\"tp:600;\"\n\t\t\t\t\t\t\t\tdata-frame_1=\"tp:600;e:power2.inOut;st:500;sR:500;\"\n\t\t\t\t\t\t\t\tdata-frame_999=\"o:0;tp:600;e:nothing;st:8900;sR:8100;\"\n\t\t\t\t\t\t\t\tstyle=\"z-index:8;\"\n\t\t\t\t\t\t\t><a href=\"#\" class=\"button icon_right bordered theme_style_2\">learn more <i class=\"fa fa-chevron-right\"><\/i><\/a> \n\t\t\t\t\t\t\t<\/rs-layer><!--\n-->\t\t\t\t\t\t<\/rs-slide>\n\t\t\t\t\t<\/rs-slides>\n\t\t\t\t<\/rs-module>\n\t\t\t\t<script type=\"text\/javascript\">\n\t\t\t\t\tsetREVStartSize({c: 'rev_slider_20_1',rl:[1240,1024,778,480],el:[407],gw:[825],gh:[407],type:'carousel',justify:'',layout:'fullwidth',mh:\"0\"});\n\t\t\t\t\tvar\trevapi20,\n\t\t\t\t\t\ttpj;\n\t\t\t\t\tfunction revinit_revslider201() {\n\t\t\t\t\tjQuery(function() {\n\t\t\t\t\t\ttpj = jQuery;\n\t\t\t\t\t\trevapi20 = tpj(\"#rev_slider_20_1\");\n\t\t\t\t\t\tif(revapi20==undefined || revapi20.revolution == undefined){\n\t\t\t\t\t\t\trevslider_showDoubleJqueryError(\"rev_slider_20_1\");\n\t\t\t\t\t\t}else{\n\t\t\t\t\t\t\trevapi20.revolution({\n\t\t\t\t\t\t\t\tsliderType:\"carousel\",\n\t\t\t\t\t\t\t\tvisibilityLevels:\"1240,1024,778,480\",\n\t\t\t\t\t\t\t\tgridwidth:825,\n\t\t\t\t\t\t\t\tgridheight:407,\n\t\t\t\t\t\t\t\thideSliderAtLimit:992,\n\t\t\t\t\t\t\t\tspinner:\"spinner0\",\n\t\t\t\t\t\t\t\tperspectiveType:\"local\",\n\t\t\t\t\t\t\t\teditorheight:\"407,768,960,720\",\n\t\t\t\t\t\t\t\tresponsiveLevels:\"1240,1024,778,480\",\n\t\t\t\t\t\t\t\tprogressBar:{disableProgressBar:true},\n\t\t\t\t\t\t\t\tnavigation: {\n\t\t\t\t\t\t\t\t\tmouseScrollNavigation:false,\n\t\t\t\t\t\t\t\t\tonHoverStop:false,\n\t\t\t\t\t\t\t\t\tbullets: {\n\t\t\t\t\t\t\t\t\t\tenable:true,\n\t\t\t\t\t\t\t\t\t\ttmp:\"\",\n\t\t\t\t\t\t\t\t\t\tstyle:\"hesperiden\",\n\t\t\t\t\t\t\t\t\t\tv_offset:40,\n\t\t\t\t\t\t\t\t\t\tspace:20\n\t\t\t\t\t\t\t\t\t}\n\t\t\t\t\t\t\t\t},\n\t\t\t\t\t\t\t\tfallbacks: {\n\t\t\t\t\t\t\t\t\tallowHTML5AutoPlayOnAndroid:true\n\t\t\t\t\t\t\t\t},\n\t\t\t\t\t\t\t});\n\t\t\t\t\t\t}\n\t\t\t\t\t\t\n\t\t\t\t\t});\n\t\t\t\t\t} \/\/ End of RevInitScript\n\t\t\t\tvar once_revslider201 = false;\n\t\t\t\tif (document.readyState === \"loading\") {document.addEventListener('readystatechange',function() { if((document.readyState === \"interactive\" || document.readyState === \"complete\") && !once_revslider201 ) { once_revslider201 = true; revinit_revslider201();}});} else {once_revslider201 = true; revinit_revslider201();}\n\t\t\t\t<\/script>\n\t\t\t\t<script>\n\t\t\t\t\tvar htmlDivCss = unescape(\"%23rev_slider_20_1_wrapper%20.hesperiden.tp-bullets%20%7B%0A%7D%0A%23rev_slider_20_1_wrapper%20.hesperiden.tp-bullets%3Abefore%20%7B%0A%09content%3A%27%20%27%3B%0A%09position%3Aabsolute%3B%0A%09width%3A100%25%3B%0A%09height%3A100%25%3B%0A%09background%3Atransparent%3B%0A%09padding%3A10px%3B%0A%09margin-left%3A-10px%3Bmargin-top%3A-10px%3B%0A%09box-sizing%3Acontent-box%3B%0A%20%20%20border-radius%3A8px%3B%0A%20%20%0A%7D%0A%23rev_slider_20_1_wrapper%20.hesperiden%20.tp-bullet%20%7B%0A%09width%3A12px%3B%0A%09height%3A12px%3B%0A%09position%3Aabsolute%3B%0A%09background%3A%20%23999999%3B%20%2F%2A%20old%20browsers%20%2A%2F%0A%20%20%20%20background%3A%20-moz-linear-gradient%28top%2C%20%20%23999999%200%25%2C%20%23e1e1e1%20100%25%29%3B%20%2F%2A%20ff3.6%2B%20%2A%2F%0A%20%20%20%20background%3A%20-webkit-linear-gradient%28top%2C%20%20%23999999%200%25%2C%23e1e1e1%20100%25%29%3B%20%2F%2A%20chrome10%2B%2Csafari5.1%2B%20%2A%2F%0A%20%20%20%20background%3A%20-o-linear-gradient%28top%2C%20%20%23999999%200%25%2C%23e1e1e1%20100%25%29%3B%20%2F%2A%20opera%2011.10%2B%20%2A%2F%0A%20%20%20%20background%3A%20-ms-linear-gradient%28top%2C%20%20%23999999%200%25%2C%23e1e1e1%20100%25%29%3B%20%2F%2A%20ie10%2B%20%2A%2F%0A%20%20%20%20background%3A%20linear-gradient%28to%20bottom%2C%20%20%23999999%200%25%2C%23e1e1e1%20100%25%29%3B%20%2F%2A%20w3c%20%2A%2F%0A%20%20%20%20filter%3A%20progid%3Adximagetransform.microsoft.gradient%28%20%0A%20%20%20%20startcolorstr%3D%27%23999999%27%2C%20endcolorstr%3D%27%23e1e1e1%27%2Cgradienttype%3D0%20%29%3B%20%2F%2A%20ie6-9%20%2A%2F%0A%09border%3A3px%20solid%20%23e5e5e5%3B%0A%09border-radius%3A50%25%3B%0A%09cursor%3A%20pointer%3B%0A%09box-sizing%3Acontent-box%3B%0A%7D%0A%23rev_slider_20_1_wrapper%20.hesperiden%20.tp-bullet%3Ahover%2C%0A%23rev_slider_20_1_wrapper%20.hesperiden%20.tp-bullet.selected%20%7B%0A%09background%3A%23666666%3B%0A%7D%0A%23rev_slider_20_1_wrapper%20.hesperiden%20.tp-bullet-image%20%7B%0A%7D%0A%23rev_slider_20_1_wrapper%20.hesperiden%20.tp-bullet-title%20%7B%0A%7D%0A%0A\");\n\t\t\t\t\tvar htmlDiv = document.getElementById('rs-plugin-settings-inline-css');\n\t\t\t\t\tif(htmlDiv) {\n\t\t\t\t\t\thtmlDiv.innerHTML = htmlDiv.innerHTML + htmlDivCss;\n\t\t\t\t\t}else{\n\t\t\t\t\t\tvar htmlDiv = document.createElement('div');\n\t\t\t\t\t\thtmlDiv.innerHTML = '<style>' + htmlDivCss + '<\/style>';\n\t\t\t\t\t\tdocument.getElementsByTagName('head')[0].appendChild(htmlDiv.childNodes[0]);\n\t\t\t\t\t}\n\t\t\t\t<\/script>\n\t\t\t\t<script>\n\t\t\t\t\tvar htmlDivCss = unescape(\"%0A%0A\");\n\t\t\t\t\tvar htmlDiv = document.getElementById('rs-plugin-settings-inline-css');\n\t\t\t\t\tif(htmlDiv) {\n\t\t\t\t\t\thtmlDiv.innerHTML = htmlDiv.innerHTML + htmlDivCss;\n\t\t\t\t\t}else{\n\t\t\t\t\t\tvar htmlDiv = document.createElement('div');\n\t\t\t\t\t\thtmlDiv.innerHTML = '<style>' + htmlDivCss + '<\/style>';\n\t\t\t\t\t\tdocument.getElementsByTagName('head')[0].appendChild(htmlDiv.childNodes[0]);\n\t\t\t\t\t}\n\t\t\t\t<\/script>\n\t\t\t<\/rs-module-wrap>\n\t\t\t<!-- END REVOLUTION SLIDER -->\n[vc_column_text css=&#8221;.vc_custom_1614110864066{margin-top: 40px !important;}&#8221;]<\/p>\n<h3>Descripci\u00f3n general de empresa<\/h3>\n<p>Consultores y Soluciones Tecnol\u00f3gicas, S.A. (CSTEC), es una empresa que su nacimiento fue planificado a finales del a\u00f1o 2020 y su legalizaci\u00f3n se origina en enero del 2021.<\/p>\n<p>Su creaci\u00f3n y operaci\u00f3n como empresa es muy reciente, sin embargo, su equipo de trabajo y fundadores gozan de una trayectoria, experiencia y conocimientos\u00a0 de m\u00e1s de 25 a\u00f1os de ofrecer servicios y soluciones tecnol\u00f3gicas a nivel nacional e internacional en diversas \u00e1reas comerciales e industriales (Banca, Industrias de Retail, Ventas, Comercios al por menor y mayor, Log\u00edstica, Gubernamentales, Comunicaciones, etc)<\/p>\n<p>Enfocada en la expertiz y conocimientos estamos ofreciendo integraciones de sistemas, servicios administrados, productos de tecnolog\u00eda, desarrollo de aplicaciones seg\u00fan las necesidades de los clientes, Redes y Cableados estructurados, respaldados por nuestros socios estrat\u00e9gicos (partners) que gozan de una gran prestigio, solidez en el mercado y sobre todo experiencia.[\/vc_column_text][vc_column_text css=&#8221;.vc_custom_1615774213364{margin-bottom: 34px !important;}&#8221;][\/vc_column_text][vc_row_inner][vc_column_inner width=&#8221;1\/2&#8243;][vc_custom_heading text=&#8221;MISI\u00d3N&#8221; font_container=&#8221;tag:h4|text_align:left|color:%23222222&#8243; use_theme_fonts=&#8221;yes&#8221; css=&#8221;.vc_custom_1614108568367{margin-bottom: 15px !important;}&#8221; el_class=&#8221;no_stripe&#8221;][vc_column_text]Apoyar a <strong>nuestros clientes<\/strong> a la obtenci\u00f3n de sus metas u objetivos, a trav\u00e9s de la integraci\u00f3n de sus sistemas y el desarrollo de nuevas tecnolog\u00edas, ofreciendo nuestros productos y servicios con la calidad y experiencia de los que conformamos el equipo de <strong>CSTEC<\/strong>.[\/vc_column_text][\/vc_column_inner][vc_column_inner width=&#8221;1\/2&#8243;][vc_custom_heading text=&#8221;VISI\u00d3N&#8221; font_container=&#8221;tag:h4|text_align:left|color:%23222222&#8243; use_theme_fonts=&#8221;yes&#8221; css=&#8221;.vc_custom_1614108592269{margin-bottom: 28px !important;}&#8221; el_class=&#8221;no_stripe&#8221;][vc_column_text]<strong>Mejorar e incrementar continuamente los servicios, productos y soluciones<\/strong> que ofrecemos a nuestros clientes, a trav\u00e9s del compromiso de excelencia y calidad del recurso humano de nuestra empresa, apoyados por nuestros socios estrat\u00e9gicos de negocio.[\/vc_column_text][\/vc_column_inner][\/vc_row_inner][\/vc_column][vc_column width=&#8221;1\/4&#8243;][stm_sidebar sidebar=&#8221;573&#8243;][vc_custom_heading text=&#8221;VALORES&#8221; font_container=&#8221;tag:h4|text_align:left|color:%23222222&#8243; use_theme_fonts=&#8221;yes&#8221; css=&#8221;.vc_custom_1614113003195{margin-bottom: 28px !important;}&#8221; el_class=&#8221;no_stripe&#8221;][vc_column_text]Nuestros valores nos distinguen y fortalecen como empresa, haciendo alusi\u00f3n a las siglas <strong><span style=\"color: #ff6600;\">(CSTEC)<\/span><\/strong><\/p>\n<p><strong><span style=\"color: #ff6600;\">C<\/span>\u00a0 \u00a0 \u00a0 Compromiso<\/strong><\/p>\n<p><strong><span style=\"color: #ff6600;\">S\u00a0<\/span> \u00a0 \u00a0 Superaci\u00f3n<\/strong><\/p>\n<p><strong><span style=\"color: #ff6600;\">T<\/span>\u00a0 \u00a0 \u00a0 Tolerancia<\/strong><\/p>\n<p><strong><span style=\"color: #ff6600;\">E<\/span>\u00a0 \u00a0 \u00a0 Equilibrio<\/strong><\/p>\n<p><strong><span style=\"color: #ff6600;\">C<\/span>\u00a0 \u00a0 \u00a0 Confianza<\/strong>[\/vc_column_text][\/vc_column][\/vc_row][vc_row full_width=&#8221;stretch_row&#8221; el_class=&#8221;third_bg_color&#8221; css=&#8221;.vc_custom_1451889219674{margin-bottom: -60px !important;}&#8221;][vc_column][vc_cta h2=&#8221;En CSTEC estamos comprometidos con la excelencia y calidad de los servicios que ofrecemos.&#8221; h2_font_container=&#8221;font_size:20px|color:%23000000|line_height:24px&#8221; h2_use_theme_fonts=&#8221;yes&#8221; shape=&#8221;square&#8221; style=&#8221;flat&#8221; use_custom_fonts_h2=&#8221;true&#8221; el_class=&#8221;third_bg_color&#8221; css=&#8221;.vc_custom_1615774548512{margin-bottom: 0px !important;}&#8221;][\/vc_cta][\/vc_column][\/vc_row][vc_row][vc_column][vc_separator color=&#8221;orange&#8221;][\/vc_column][\/vc_row][vc_row][vc_column][\/vc_column][\/vc_row][vc_row][vc_column][\/vc_column][\/vc_row]<\/p>\n","protected":false},"excerpt":{"rendered":"<p>[vc_row css=&#8221;.vc_custom_1451991003825{margin-bottom: 100px !important;}&#8221;][vc_column offset=&#8221;vc_col-lg-9 vc_col-md-9&#8243;][vc_column_text css=&#8221;.vc_custom_1614110864066{margin-top: 40px !important;}&#8221;] Descripci\u00f3n general de empresa Consultores y Soluciones Tecnol\u00f3gicas, S.A. (CSTEC), es una empresa que su nacimiento fue planificado a finales del a\u00f1o 2020 y su legalizaci\u00f3n se origina en enero del 2021. Su creaci\u00f3n y operaci\u00f3n como empresa es muy reciente, sin embargo, su equipo de<\/p>\n","protected":false},"author":1,"featured_media":0,"parent":0,"menu_order":0,"comment_status":"closed","ping_status":"closed","template":"","meta":{"footnotes":""},"class_list":["post-9","page","type-page","status-publish","hentry"],"_links":{"self":[{"href":"https:\/\/cstec.com.pa\/wp\/index.php?rest_route=\/wp\/v2\/pages\/9","targetHints":{"allow":["GET"]}}],"collection":[{"href":"https:\/\/cstec.com.pa\/wp\/index.php?rest_route=\/wp\/v2\/pages"}],"about":[{"href":"https:\/\/cstec.com.pa\/wp\/index.php?rest_route=\/wp\/v2\/types\/page"}],"author":[{"embeddable":true,"href":"https:\/\/cstec.com.pa\/wp\/index.php?rest_route=\/wp\/v2\/users\/1"}],"replies":[{"embeddable":true,"href":"https:\/\/cstec.com.pa\/wp\/index.php?rest_route=%2Fwp%2Fv2%2Fcomments&post=9"}],"version-history":[{"count":21,"href":"https:\/\/cstec.com.pa\/wp\/index.php?rest_route=\/wp\/v2\/pages\/9\/revisions"}],"predecessor-version":[{"id":7436,"href":"https:\/\/cstec.com.pa\/wp\/index.php?rest_route=\/wp\/v2\/pages\/9\/revisions\/7436"}],"wp:attachment":[{"href":"https:\/\/cstec.com.pa\/wp\/index.php?rest_route=%2Fwp%2Fv2%2Fmedia&parent=9"}],"curies":[{"name":"wp","href":"https:\/\/api.w.org\/{rel}","templated":true}]}}